{"id":5987,"date":"2022-12-15T17:38:59","date_gmt":"2022-12-15T17:38:59","guid":{"rendered":"https:\/\/deaixa.net\/recetas\/?page_id=5987"},"modified":"2022-12-15T17:40:44","modified_gmt":"2022-12-15T17:40:44","slug":"acerca-de","status":"publish","type":"page","link":"https:\/\/deaixa.net\/recetas\/acerca-de\/","title":{"rendered":"Bienvenidos"},"content":{"rendered":"\n<p>Comparto con ustedes una colecci\u00f3n de recetas caseras favoritas que he recogido de familiares y de revistas. Mis primeras recetas fueron las que aprendi de mi abuela y de mi mam\u00e1, quien las escribio en una libreta que me regalo cuando me cas\u00e9.&nbsp; Algunas son recetas que aprendi\u00f3 de sus amigas durante la \u00e9poca de su club internacional de cocina, cuando viviamos en Rio de Janeiro. Otras son las que aprendio de sus amigas en San Juan. Las recetas de mi abuela han influenciado las recetas de mi primo Guillo, quien ahora es un chef de mucho \u00e9xito.<\/p>\n\n\n\n<p>Mas tarde aprendi secretos de la cocina Peruana con las mujeres en la familia de mi marido. Todas ellas han sido cocineras excelentes. Nuestro primo en Buenos Aires tambi\u00e9n hered\u00f3 esa cualidad. Lo mismo mi marido. Mis hijos se han puesto exigentes y han encontrado ellos mismos algunas recetas que reflejan sus gustos y otras que son practicas para sus vidas de estudiantes.<\/p>\n\n\n\n<p>Los libros de cocina, al igual que las revistas y los restaurantes han sido tambi\u00e9n una buena fuente de las recetas favoritas.<\/p>\n\n\n\n<p>Ahora s\u00ed resultara facil tener toda esta informaci\u00f3n a mano, lista para cocinar!<\/p>\n\n\n\n<figure class=\"wp-block-image size-large\"><img decoding=\"async\" src=\"https:\/\/deaixa.net\/recetas\/wp-content\/uploads\/2022\/09\/aixa.gif\" alt=\"\"\/><\/figure>\n","protected":false},"excerpt":{"rendered":"<p>Comparto con ustedes una colecci\u00f3n de recetas caseras favoritas que he recogido de familiares y de revistas. Mis primeras recetas fueron las que aprendi de &hellip; <\/p>\n","protected":false},"author":1,"featured_media":0,"parent":0,"menu_order":0,"comment_status":"closed","ping_status":"closed","template":"","meta":{"_coblocks_attr":"","_coblocks_dimensions":"","_coblocks_responsive_height":"","_coblocks_accordion_ie_support":"","footnotes":""},"class_list":["post-5987","page","type-page","status-publish","hentry"],"_links":{"self":[{"href":"https:\/\/deaixa.net\/recetas\/wp-json\/wp\/v2\/pages\/5987","targetHints":{"allow":["GET"]}}],"collection":[{"href":"https:\/\/deaixa.net\/recetas\/wp-json\/wp\/v2\/pages"}],"about":[{"href":"https:\/\/deaixa.net\/recetas\/wp-json\/wp\/v2\/types\/page"}],"author":[{"embeddable":true,"href":"https:\/\/deaixa.net\/recetas\/wp-json\/wp\/v2\/users\/1"}],"replies":[{"embeddable":true,"href":"https:\/\/deaixa.net\/recetas\/wp-json\/wp\/v2\/comments?post=5987"}],"version-history":[{"count":2,"href":"https:\/\/deaixa.net\/recetas\/wp-json\/wp\/v2\/pages\/5987\/revisions"}],"predecessor-version":[{"id":5990,"href":"https:\/\/deaixa.net\/recetas\/wp-json\/wp\/v2\/pages\/5987\/revisions\/5990"}],"wp:attachment":[{"href":"https:\/\/deaixa.net\/recetas\/wp-json\/wp\/v2\/media?parent=5987"}],"curies":[{"name":"wp","href":"https:\/\/api.w.org\/{rel}","templated":true}]}}