{"id":5908,"date":"2022-09-16T16:28:59","date_gmt":"2022-09-16T16:28:59","guid":{"rendered":"http:\/\/www.deaixa.com\/recetas\/home\/"},"modified":"2024-08-06T21:43:46","modified_gmt":"2024-08-06T21:43:46","slug":"home-2","status":"publish","type":"page","link":"https:\/\/deaixa.net\/recetas\/","title":{"rendered":"Las Recetas:"},"content":{"rendered":"\n<figure class=\"wp-block-gallery alignwide has-nested-images columns-default is-cropped mt-0 wp-block-gallery-1 is-layout-flex wp-block-gallery-is-layout-flex\">\n<figure class=\"wp-block-image size-full\"><img loading=\"lazy\" decoding=\"async\" width=\"800\" height=\"800\" data-id=\"5383\" src=\"https:\/\/deaixa.net\/recetas\/wp-content\/uploads\/2022\/10\/Mojito-guillo-e1666367119157.jpeg\" alt=\"\" class=\"wp-image-5383\" srcset=\"https:\/\/deaixa.net\/recetas\/wp-content\/uploads\/2022\/10\/Mojito-guillo-e1666367119157.jpeg 800w, https:\/\/deaixa.net\/recetas\/wp-content\/uploads\/2022\/10\/Mojito-guillo-e1666367119157-300x300.jpeg 300w, https:\/\/deaixa.net\/recetas\/wp-content\/uploads\/2022\/10\/Mojito-guillo-e1666367119157-150x150.jpeg 150w, https:\/\/deaixa.net\/recetas\/wp-content\/uploads\/2022\/10\/Mojito-guillo-e1666367119157-768x768.jpeg 768w\" sizes=\"auto, (max-width: 800px) 100vw, 800px\" \/><\/figure>\n\n\n\n<figure class=\"wp-block-image size-large\"><img loading=\"lazy\" decoding=\"async\" width=\"683\" height=\"1024\" data-id=\"5048\" src=\"https:\/\/deaixa.net\/recetas\/wp-content\/uploads\/2000\/09\/peruvian-causa-683x1024.webp\" alt=\"\" class=\"wp-image-5048\" srcset=\"https:\/\/deaixa.net\/recetas\/wp-content\/uploads\/2000\/09\/peruvian-causa-683x1024.webp 683w, https:\/\/deaixa.net\/recetas\/wp-content\/uploads\/2000\/09\/peruvian-causa-200x300.webp 200w, https:\/\/deaixa.net\/recetas\/wp-content\/uploads\/2000\/09\/peruvian-causa-768x1152.webp 768w, https:\/\/deaixa.net\/recetas\/wp-content\/uploads\/2000\/09\/peruvian-causa.webp 800w\" sizes=\"auto, (max-width: 683px) 100vw, 683px\" \/><\/figure>\n\n\n\n<figure class=\"wp-block-image size-full\"><img loading=\"lazy\" decoding=\"async\" width=\"721\" height=\"474\" data-id=\"5624\" src=\"https:\/\/deaixa.net\/recetas\/wp-content\/uploads\/2006\/09\/ensalada-de-frutas-1.png\" alt=\"\" class=\"wp-image-5624\" srcset=\"https:\/\/deaixa.net\/recetas\/wp-content\/uploads\/2006\/09\/ensalada-de-frutas-1.png 721w, https:\/\/deaixa.net\/recetas\/wp-content\/uploads\/2006\/09\/ensalada-de-frutas-1-300x197.png 300w\" sizes=\"auto, (max-width: 721px) 100vw, 721px\" \/><\/figure>\n<\/figure>\n\n\n\n<h4 class=\"wp-block-heading has-text-align-center\">Comparto con Ustedes una colecci\u00f3n de recetas caseras favoritas.<\/h4>\n\n\n\n<div class=\"wp-block-button aligncenter is-style-fill\"><a class=\"wp-block-button__link has-light-green-cyan-background-color has-background wp-element-button\" href=\"https:\/\/deaixa.net\/recetas\/gallery\/\">Las m\u00e1s Sabrosas<\/a><\/div>\n\n\n\n<div class=\"wp-block-group alignwide\"><div class=\"wp-block-group__inner-container is-layout-flow wp-block-group-is-layout-flow\">\n<div class=\"wp-block-columns alignwide is-layout-flex wp-container-core-columns-is-layout-9d6595d7 wp-block-columns-is-layout-flex\">\n<div class=\"wp-block-column is-layout-flow wp-block-column-is-layout-flow\">\n<h5 class=\"wp-block-heading has-text-align-center\">Las Recetas de la Cocina Peruana<\/h5>\n\n\n\n<p class=\"has-text-align-center\">Comparto aqu\u00ed secretos de la cocina Peruana que aprendi de las <a href=\"https:\/\/deaixa.net\/recetas\/recetas-de-la-familia\/recetas-de-gladys\/\">hermanas<\/a> y de la mam\u00e1 de mi marido. Todas ellas han sido cocineras excelentes. Nuestro primo en Buenos Aires tambi\u00e9n hered\u00f3 esa cualidad.<\/p>\n<\/div>\n\n\n\n<div class=\"wp-block-column is-layout-flow wp-block-column-is-layout-flow\">\n<h5 class=\"wp-block-heading has-text-align-center\">Las Recetas de Bernadette<\/h5>\n\n\n\n<p class=\"has-text-align-center\">Bernadette las escribi\u00f3 en<a href=\"https:\/\/deaixa.net\/recetas\/las-recetas-de-bernadette\/\"> una libreta<\/a> que me regal\u00f3 cuando me cas\u00e9.&nbsp; Algunas son recetas que aprendi\u00f3 de sus amigas durante la \u00e9poca de su club internacional de cocina, cuando viv\u00edamos en Rio de Janeiro.<\/p>\n<\/div>\n\n\n\n<div class=\"wp-block-column is-layout-flow wp-block-column-is-layout-flow\">\n<h5 class=\"wp-block-heading has-text-align-center\">Recetas en Peri\u00f3dicos, Revistas y de amigos<\/h5>\n\n\n\n<p class=\"has-text-align-center\">Los libros de cocina, al igual que <a href=\"https:\/\/deaixa.net\/recetas\/category\/recetas-de-revistas\/\">las revistas<\/a> y los restaurantes han sido tambi\u00e9n una buena fuente de las recetas favoritas.&nbsp;<\/p>\n<\/div>\n<\/div>\n<\/div><\/div>\n\n\n\n<figure class=\"wp-block-image alignfull size-large\"><img loading=\"lazy\" decoding=\"async\" width=\"1024\" height=\"887\" src=\"https:\/\/deaixa.net\/recetas\/wp-content\/uploads\/2022\/10\/Miguelito-35cake-1024x887.jpeg\" alt=\"\" class=\"wp-image-5051\" srcset=\"https:\/\/deaixa.net\/recetas\/wp-content\/uploads\/2022\/10\/Miguelito-35cake-1024x887.jpeg 1024w, https:\/\/deaixa.net\/recetas\/wp-content\/uploads\/2022\/10\/Miguelito-35cake-300x260.jpeg 300w, https:\/\/deaixa.net\/recetas\/wp-content\/uploads\/2022\/10\/Miguelito-35cake-768x665.jpeg 768w, https:\/\/deaixa.net\/recetas\/wp-content\/uploads\/2022\/10\/Miguelito-35cake.jpeg 1362w\" sizes=\"auto, (max-width: 1024px) 100vw, 1024px\" \/><\/figure>\n","protected":false},"excerpt":{"rendered":"<p>Comparto con Ustedes una colecci\u00f3n de recetas caseras favoritas. Las Recetas de la Cocina Peruana Comparto aqu\u00ed secretos de la cocina Peruana que aprendi de &hellip; <\/p>\n","protected":false},"author":1,"featured_media":0,"parent":0,"menu_order":0,"comment_status":"closed","ping_status":"closed","template":"","meta":{"_coblocks_attr":"","_coblocks_dimensions":"","_coblocks_responsive_height":"","_coblocks_accordion_ie_support":"","footnotes":""},"class_list":["post-5908","page","type-page","status-publish","hentry"],"_links":{"self":[{"href":"https:\/\/deaixa.net\/recetas\/wp-json\/wp\/v2\/pages\/5908","targetHints":{"allow":["GET"]}}],"collection":[{"href":"https:\/\/deaixa.net\/recetas\/wp-json\/wp\/v2\/pages"}],"about":[{"href":"https:\/\/deaixa.net\/recetas\/wp-json\/wp\/v2\/types\/page"}],"author":[{"embeddable":true,"href":"https:\/\/deaixa.net\/recetas\/wp-json\/wp\/v2\/users\/1"}],"replies":[{"embeddable":true,"href":"https:\/\/deaixa.net\/recetas\/wp-json\/wp\/v2\/comments?post=5908"}],"version-history":[{"count":7,"href":"https:\/\/deaixa.net\/recetas\/wp-json\/wp\/v2\/pages\/5908\/revisions"}],"predecessor-version":[{"id":6155,"href":"https:\/\/deaixa.net\/recetas\/wp-json\/wp\/v2\/pages\/5908\/revisions\/6155"}],"wp:attachment":[{"href":"https:\/\/deaixa.net\/recetas\/wp-json\/wp\/v2\/media?parent=5908"}],"curies":[{"name":"wp","href":"https:\/\/api.w.org\/{rel}","templated":true}]}}