{"id":4259,"date":"2018-10-06T17:15:55","date_gmt":"2018-10-06T17:15:55","guid":{"rendered":"https:\/\/deaixa.net\/main\/?page_id=4259"},"modified":"2018-10-06T17:15:55","modified_gmt":"2018-10-06T17:15:55","slug":"condiciones-de-uso-y-politica-de-privacidad","status":"publish","type":"page","link":"https:\/\/deaixa.net\/recetas\/condiciones-de-uso-y-politica-de-privacidad\/","title":{"rendered":"PRIVACIDAD"},"content":{"rendered":"\n<h4 class=\"wp-block-heading\">En cumplimiento con el deber de informaci\u00f3n se hace constar:<\/h4>\n\n\n\n<h4 class=\"wp-block-heading\">1<strong>. USUARIOS:<\/strong><\/h4>\n\n\n\n<p>El acceso o uso de este sitio web implica la condici\u00f3n de USUARIO, que autom\u00e1ticamente acepta las Condiciones Generales de Uso que se indican.<\/p>\n\n\n\n<h4 class=\"wp-block-heading\"><strong>2. USO DEL SITIO WEB:\u00a0<\/strong><\/h4>\n\n\n\n<p><em>https:\/\/deaixa.com\/recetas \u00a0<\/em>proporciona acceso a art\u00edculos e informaci\u00f3n (en adelante, los\u00a0<em>contenidos<\/em>) que son propiedad de\u00a0<strong>De Aixa.<\/strong>com. El USUARIO asume la responsabilidad del uso de la web.<\/p>\n\n\n\n<p>El USUARIO se compromete a hacer un uso adecuado de los contenidos que <em>DeAixa.com\/recetas <\/em>ofrece a trav\u00e9s de su web y con car\u00e1cter enunciativo, pero no limitativo, a no emplearlos para:<\/p>\n\n\n\n<p>(i) incurrir en actividades il\u00edcitas, ilegales o contrarias a la buena fe y al orden p\u00fablico; (ii) difundir contenidos o propaganda de car\u00e1cter racista, xen\u00f3fobo, pornogr\u00e1fico-ilegal, de apolog\u00eda del terrorismo o atentatorio contra los derechos humanos; (iii) provocar da\u00f1os en los sistemas f\u00edsicos y l\u00f3gicos de <em>DeAixa.com\/recetas<\/em>, de sus proveedores o de terceras personas, introducir o difundir en la red virus inform\u00e1ticos o cualesquiera otros sistemas f\u00edsicos o l\u00f3gicos que sean susceptibles de provocar los da\u00f1os anteriormente mencionados; (iv) intentar acceder y, en su caso, utilizar las cuentas de correo electr\u00f3nico de otros usuarios y modificar o manipular sus mensajes.<\/p>\n\n\n\n<p><strong><em>DeAixa.com\/recetas<\/em><\/strong> se reserva el derecho a no publicar todos aquellos comentarios que vulneren la dignidad de las personas, que sean discriminatorios, xen\u00f3fobos, racistas, pornogr\u00e1ficos, que atenten contra la juventud o la infancia, el orden o la seguridad p\u00fablica o que, a su juicio, no resulten adecuados para su publicaci\u00f3n.<\/p>\n\n\n\n<p>En cualquier caso, <em>DeAixa.com\/recetas<\/em> no ser\u00e1 responsable de las opiniones vertidas por los usuarios a trav\u00e9s del blog u otras herramientas de participaci\u00f3n que puedan crearse.<\/p>\n\n\n\n<h4 class=\"wp-block-heading\"><strong>3.<\/strong>\u00a0<strong>POL\u00cdTICA DE PRIVACIDAD. PROTECCI\u00d3N DE DATOS:<\/strong><\/h4>\n\n\n\n<h4 class=\"wp-block-heading\"><strong>3.1. FINALIDAD DE LOS DATOS RECABADOS Y CONSENTIMIENTO AL TRATAMIENTO.<\/strong><\/h4>\n\n\n\n<p>Se informa al USUARIO que mediante los formularios de registro de la web se recaban datos que se almacenan en un fichero con la exclusiva finalidad de enviar comunicaciones electr\u00f3nicas, tales como:  comunicaciones que <em>DeAixa.com\/recetas<\/em>  juzgue interesantes para sus USUARIOS. Los campos marcados como obligatorios son imprescindibles para tal fin.<\/p>\n\n\n\n<p>\u00danicamente el titular tendr\u00e1 acceso a sus datos y bajo ning\u00fan concepto estos datos ser\u00e1n cedidos, compartidos, transferidos, ni vendidos a ning\u00fan tercero.<\/p>\n\n\n\n<p>La aceptaci\u00f3n del uso de este sitio se entender\u00e1 a todos los efectos como la prestaci\u00f3n de CONSENTIMIENTO EXPRESO E INEQU\u00cdVOCO del USUARIO al tratamiento de los datos de car\u00e1cter personal en los t\u00e9rminos que se exponen en el presente documento, as\u00ed como a la transferencia internacional de datos que se produce, exclusivamente debido a la ubicaci\u00f3n f\u00edsica de las instalaciones de los proveedores de servicios y encargados del tratamiento de datos que se indican mas abajo.<\/p>\n\n\n\n<h4 class=\"wp-block-heading\"><strong>3.2. CUMPLIMIENTO DE LA NORMATIVA DE APLICACI\u00d3N.<\/strong><\/h4>\n\n\n\n<p>Le informamos de que los datos suministrados, as\u00ed como aquellos datos derivados de su navegaci\u00f3n, podr\u00e1n ser almacenados en los ficheros de <em>DeAixa.com\/recetas<\/em>\u00a0y tratados para la finalidad de atender su solicitud y el mantenimiento de la relaci\u00f3n que se establezca en los formularios que suscriba.<\/p>\n\n\n\n<p>En caso de no autorizar el tratamiento de sus datos con la finalidad se\u00f1alada en los p\u00e1rrafos anteriores, usted podr\u00e1 ejercer su derecho de oposici\u00f3n simplemente no accediendo a <em>DeAixa.com\/recetas<\/em><\/p>\n\n\n\n<h3 class=\"wp-block-heading\"><strong>4.3. MEDIDAS DE SEGURIDAD.<\/strong><\/h3>\n\n\n\n<p><strong><em>DeAixa.com\/recetas<\/em> <\/strong>le informa de que tiene implantadas las medidas de seguridad de \u00edndole t\u00e9cnica y organizativas necesarias para hacer todo lo posible para mantener la seguridad de sus datos de car\u00e1cter personal y evitar su alteraci\u00f3n, p\u00e9rdida y tratamiento o acceso no autorizado, habida cuenta del estado de la tecnolog\u00eda, la naturaleza de los datos almacenados y los riesgos a que est\u00e1n expuestos, ya provengan de la acci\u00f3n humana o del medio f\u00edsico o natural. <\/p>\n\n\n\n<h4 class=\"wp-block-heading\"><strong>3.5. ENLACES<\/strong><\/h4>\n\n\n\n<p>Como un servicio a los usuarios, este sitio web puede incluir hiperv\u00ednculos a otros sitios que no son operados ni controlados por <strong><em>DeAixa.com\/recetas<\/em>.<\/strong>\u00a0Por ello <em>DeAixa.com\/recetas<\/em> no garantiza ni se hace responsable de la licitud, fiabilidad, utilidad, veracidad y actualidad de los contenidos de tales sitios web o de sus pr\u00e1cticas de privacidad. Antes de proporcionar su informaci\u00f3n personal a estos sitios web ajenos a <em>DeAixa.com\/recetas<\/em>, ruego que tenga en cuenta que sus pr\u00e1cticas de privacidad pueden diferir de las nuestras.<\/p>\n\n\n\n<h4 class=\"wp-block-heading\"><strong>3.6. MODIFICACI\u00d3N DE LA POL\u00cdTICA DE PRIVACIDAD<\/strong><\/h4>\n\n\n\n<p><em>DeAixa.com\/recetas<\/em> se reserva el derecho a modificar su Pol\u00edtica de Privacidad<\/p>\n\n\n\n<p>Cualquier modificaci\u00f3n de la Pol\u00edtica de Privacidad ser\u00e1 publicada al menos diez d\u00edas antes de su efectiva aplicaci\u00f3n. El uso de <em>DeAixa.com\/recetas<\/em> despu\u00e9s de dichos cambios implicar\u00e1 su aceptaci\u00f3n.<\/p>\n\n\n\n<h4 class=\"wp-block-heading\"><strong>3.7. RESPONSABLE DEL FICHERO Y ENCARGADOS DEL TRATAMIENTO.<\/strong><\/h4>\n\n\n\n<p>El responsable del fichero de datos es <em>DeAixa.com\/recetas<\/em>.<\/p>\n\n\n\n<h4 class=\"wp-block-heading\"><strong>4. PROPIEDAD INTELECTUAL E INDUSTRIAL:<\/strong><\/h4>\n\n\n\n<p><em>DeAixa.com\/recetas<\/em> es titular de todos los derechos de propiedad intelectual e industrial de su p\u00e1gina web, as\u00ed como de los elementos contenidos en ella (a t\u00edtulo enunciativo, im\u00e1genes, sonido, audio, v\u00eddeo, software o textos; marcas o logotipos, combinaciones de colores, estructura y dise\u00f1o, selecci\u00f3n de materiales usados, programas de ordenador necesarios para su funcionamiento, acceso y uso, etc.), titularidad de <em>DeAixa.com\/recetas<\/em>.<\/p>\n\n\n\n<p>Cualquier uso no autorizado previamente por <strong><em>DeAixa.com\/recetas<\/em><\/strong> ser\u00e1 considerado un incumplimiento grave de los derechos de propiedad intelectual o industrial del autor.<\/p>\n\n\n\n<p>El USUARIO se compromete a respetar los derechos de Propiedad Intelectual e Industrial titularidad de <em>DeAixa.com\/recetas<\/em>. Podr\u00e1 visualizar los elementos de la web e incluso imprimirlos, copiarlos y almacenarlos en el disco duro de su ordenador o en cualquier otro soporte f\u00edsico siempre y cuando sea,\u00a0<strong>\u00fanica y exclusivamente, para su uso personal y privado<\/strong>. El USUARIO deber\u00e1 abstenerse de suprimir, alterar, eludir o manipular cualquier dispositivo de protecci\u00f3n o sistema de seguridad que estuviera instalado en las p\u00e1ginas de <em>DeAixa.com\/recetas<\/em><\/p>\n\n\n\n<h4 class=\"wp-block-heading\"><strong>5. EXCLUSI\u00d3N DE GARANT\u00cdAS Y RESPONSABILIDAD:<\/strong><\/h4>\n\n\n\n<p><strong><em>DeAixa.com\/recetas<\/em>  <\/strong>no se hace responsable de los da\u00f1os y perjuicios de cualquier naturaleza que pudieran ocasionar, a t\u00edtulo enunciativo: por errores u omisiones en los contenidos, por falta de disponibilidad del sitio web, as\u00ed como por la transmisi\u00f3n de virus o programas maliciosos o lesivos en los contenidos, a pesar de haber adoptado todas las medidas tecnol\u00f3gicas necesarias para evitarlo.<\/p>\n\n\n\n<h4 class=\"wp-block-heading\"><strong>6. MODIFICACIONES:<\/strong><\/h4>\n\n\n\n<p><em>DeAixa.com\/recetas<\/em> se reserva el derecho de efectuar sin previo aviso las modificaciones que considere oportunas en su web, pudiendo cambiar, suprimir o a\u00f1adir tanto los contenidos y servicios que se presten a trav\u00e9s de ella como la forma en la que \u00e9stos aparezcan presentados o localizados en su web.<\/p>\n\n\n\n<h4 class=\"wp-block-heading\"><strong>7. POL\u00cdTICA DE ENLACES:<\/strong><\/h4>\n\n\n\n<p><strong>7.1.<\/strong>\u00a0Las personas o entidades que pretendan realizar o realicen un hiperenlace desde una p\u00e1gina web de otro portal de Internet a la web de <strong><em>DeAixa.com\/recetas<\/em><\/strong>\u00a0deber\u00e1n respetar las siguientes condiciones:<\/p>\n\n\n\n<ul class=\"wp-block-list\"><li>No se permite la reproducci\u00f3n total o parcial de ninguno de los contenidos del sitio web sin la previa autorizaci\u00f3n expresa de <strong><em>DeAixa.com\/recetas<\/em><\/strong>.<\/li><li>No se establecer\u00e1n deep-links ni enlaces IMG o de imagen, ni frames con la web de <strong><em>DeAixa.com\/recetas<\/em><\/strong>\u00a0sin su previa autorizaci\u00f3n expresa.<\/li><li>No se establecer\u00e1 ninguna manifestaci\u00f3n falsa, inexacta o incorrecta sobre la web de <strong><em>DeAixa.com\/recetas<\/em><\/strong>, ni sobre sus contenidos. Salvo aquellos signos que formen parte del hiperv\u00ednculo, la p\u00e1gina web en la que\u00a0 se establezca no contendr\u00e1 ninguna marca, nombre comercial, r\u00f3tulo de establecimiento, denominaci\u00f3n, logotipo, eslogan u otros signos distintivos pertenecientes a <strong><em>DeAixa.com\/recetas<\/em><\/strong>, salvo autorizaci\u00f3n expresa de \u00e9ste.<\/li><li>El establecimiento del hiperv\u00ednculo no implicar\u00e1 la existencia de relaciones entre <strong><em>DeAixa.com\/recetas<\/em><\/strong>\u00a0y el titular de la p\u00e1gina web o del portal desde el cual se realice, ni el conocimiento y aceptaci\u00f3n de <strong><em>DeAixa.com\/recetas<\/em><\/strong>de los servicios y contenidos ofrecidos en dicha p\u00e1gina web o portal.<\/li><li><strong><em>DeAixa.com\/recetas<\/em><\/strong> no ser\u00e1 responsable de los contenidos puestos a disposici\u00f3n del p\u00fablico en la p\u00e1gina web o portal desde el cual se realice el hiperv\u00ednculo, ni de las informaciones y manifestaciones incluidas en ellos.<\/li><\/ul>\n\n\n\n<p><strong>8.2.<\/strong>\u00a0El sitio web de\u00a0<em>DeAixa.com\/recetas<\/em>\u00a0puede poner a disposici\u00f3n del usuario conexiones y enlaces a otros sitios web gestionados y controlados por terceros. Dichos enlaces tienen como exclusiva funci\u00f3n la de facilitar a los usuarios la b\u00fasqueda de informaci\u00f3n, contenidos y servicios en Internet, sin que en ning\u00fan caso pueda considerarse una sugerencia, recomendaci\u00f3n o invitaci\u00f3n para la visita de los mismos.<\/p>\n\n\n\n<p><em>DeAixa.com\/recetas<\/em> no comercializa, ni dirige, ni controla previamente, ni hace propios los contenidos, servicios, informaciones y manifestaciones disponibles en dichos sitios web.<\/p>\n\n\n\n<p><strong><em>DeAixa.com\/recetas<\/em><\/strong> no asume ning\u00fan tipo de responsabilidad, ni siquiera de forma indirecta o subsidiaria, por los da\u00f1os y perjuicios de toda clase que pudieran derivarse del acceso, mantenimiento, uso, calidad, licitud, fiabilidad y utilidad de los contenidos, informaciones, comunicaciones, opiniones, manifestaciones, productos y servicios existentes u ofrecidos en los sitios web no gestionados por\u00a0<em>DeAixa.com\/recetas<\/em>\u00a0y que resulten accesibles a trav\u00e9s de\u00a0<strong><em>DeAixa.com\/recetas<\/em><\/strong>.<\/p>\n\n\n\n<h4 class=\"wp-block-heading\"><strong>8. DERECHO DE EXCLUSI\u00d3N:<\/strong><\/h4>\n\n\n\n<p><strong><em>DeAixa.com\/recetas<\/em> <\/strong>se reserva el derecho a denegar o retirar el acceso al portal sin necesidad de preaviso, a instancia propia o de un tercero, a aquellos usuarios que incumplan las presentes Condiciones Generales de Uso.<\/p>\n\n\n\n<h4 class=\"wp-block-heading\"><strong>9. GENERALIDADES:<\/strong><\/h4>\n\n\n\n<p><strong><em>DeAixa.com\/recetas<\/em> <\/strong>perseguir\u00e1 el incumplimiento de las presentes condiciones as\u00ed como cualquier utilizaci\u00f3n indebida de su web ejerciendo todas las acciones civiles y penales que le puedan corresponder en derecho.<\/p>\n\n\n\n<h4 class=\"wp-block-heading\"><strong>10. MODIFICACI\u00d3N DE LAS PRESENTES CONDICIONES Y DURACI\u00d3N:<\/strong><\/h4>\n\n\n\n<p><strong><em>DeAixa.com\/recetas<\/em> <\/strong>podr\u00e1 modificar en cualquier momento las condiciones aqu\u00ed determinadas, siendo debidamente publicadas como aqu\u00ed aparecen. Las citadas condiciones estar\u00e1n vigentes hasta que sean modificadas por otras debidamente publicadas.<\/p>\n\n\n\n<p><\/p>\n","protected":false},"excerpt":{"rendered":"<p>En cumplimiento con el deber de informaci\u00f3n se hace constar: 1. USUARIOS: El acceso o uso de este sitio web implica la condici\u00f3n de USUARIO, &hellip; <\/p>\n","protected":false},"author":1,"featured_media":0,"parent":0,"menu_order":0,"comment_status":"closed","ping_status":"closed","template":"","meta":{"_coblocks_attr":"","_coblocks_dimensions":"","_coblocks_responsive_height":"","_coblocks_accordion_ie_support":"","footnotes":""},"class_list":["post-4259","page","type-page","status-publish","hentry"],"_links":{"self":[{"href":"https:\/\/deaixa.net\/recetas\/wp-json\/wp\/v2\/pages\/4259","targetHints":{"allow":["GET"]}}],"collection":[{"href":"https:\/\/deaixa.net\/recetas\/wp-json\/wp\/v2\/pages"}],"about":[{"href":"https:\/\/deaixa.net\/recetas\/wp-json\/wp\/v2\/types\/page"}],"author":[{"embeddable":true,"href":"https:\/\/deaixa.net\/recetas\/wp-json\/wp\/v2\/users\/1"}],"replies":[{"embeddable":true,"href":"https:\/\/deaixa.net\/recetas\/wp-json\/wp\/v2\/comments?post=4259"}],"version-history":[{"count":0,"href":"https:\/\/deaixa.net\/recetas\/wp-json\/wp\/v2\/pages\/4259\/revisions"}],"wp:attachment":[{"href":"https:\/\/deaixa.net\/recetas\/wp-json\/wp\/v2\/media?parent=4259"}],"curies":[{"name":"wp","href":"https:\/\/api.w.org\/{rel}","templated":true}]}}